{"id":389,"date":"2025-05-10T08:13:00","date_gmt":"2025-05-10T11:13:00","guid":{"rendered":"https:\/\/openeducacao.com.br\/?page_id=389"},"modified":"2026-04-05T15:47:29","modified_gmt":"2026-04-05T18:47:29","slug":"privacidade","status":"publish","type":"page","link":"https:\/\/openeducacao.com.br\/?page_id=389","title":{"rendered":"privacidade"},"content":{"rendered":"\t\t<div data-elementor-type=\"wp-page\" data-elementor-id=\"389\" class=\"elementor elementor-389\" data-elementor-post-type=\"page\">\n\t\t\t\t<div class=\"elementor-element elementor-element-1c78c6b e-flex e-con-boxed e-con e-parent\" data-id=\"1c78c6b\" data-element_type=\"container\" data-e-type=\"container\" data-settings=\"{&quot;background_background&quot;:&quot;classic&quot;}\">\n\t\t\t\t\t<div class=\"e-con-inner\">\n\t\t\t\t<div class=\"elementor-element elementor-element-17b66df elementor-widget elementor-widget-heading\" data-id=\"17b66df\" data-element_type=\"widget\" data-e-type=\"widget\" data-widget_type=\"heading.default\">\n\t\t\t\t<div class=\"elementor-widget-container\">\n\t\t\t\t\t<h2 class=\"elementor-heading-title elementor-size-default\">Pol\u00edtica de Privacidade<\/h2>\t\t\t\t<\/div>\n\t\t\t\t<\/div>\n\t\t\t\t<div class=\"elementor-element elementor-element-830f4d1 elementor-icon-list--layout-inline elementor-list-item-link-full_width elementor-widget elementor-widget-icon-list\" data-id=\"830f4d1\" data-element_type=\"widget\" data-e-type=\"widget\" data-widget_type=\"icon-list.default\">\n\t\t\t\t<div class=\"elementor-widget-container\">\n\t\t\t\t\t\t\t<ul class=\"elementor-icon-list-items elementor-inline-items\">\n\t\t\t\t\t\t\t<li class=\"elementor-icon-list-item elementor-inline-item\">\n\t\t\t\t\t\t\t\t\t\t<span class=\"elementor-icon-list-text\">Home<\/span>\n\t\t\t\t\t\t\t\t\t<\/li>\n\t\t\t\t\t\t\t\t<li class=\"elementor-icon-list-item elementor-inline-item\">\n\t\t\t\t\t\t\t\t\t\t\t<span class=\"elementor-icon-list-icon\">\n\t\t\t\t\t\t\t<svg aria-hidden=\"true\" class=\"e-font-icon-svg e-fas-chevron-right\" viewBox=\"0 0 320 512\" xmlns=\"http:\/\/www.w3.org\/2000\/svg\"><path d=\"M285.476 272.971L91.132 467.314c-9.373 9.373-24.569 9.373-33.941 0l-22.667-22.667c-9.357-9.357-9.375-24.522-.04-33.901L188.505 256 34.484 101.255c-9.335-9.379-9.317-24.544.04-33.901l22.667-22.667c9.373-9.373 24.569-9.373 33.941 0L285.475 239.03c9.373 9.372 9.373 24.568.001 33.941z\"><\/path><\/svg>\t\t\t\t\t\t<\/span>\n\t\t\t\t\t\t\t\t\t\t<span class=\"elementor-icon-list-text\">Privacidade<\/span>\n\t\t\t\t\t\t\t\t\t<\/li>\n\t\t\t\t\t\t<\/ul>\n\t\t\t\t\t\t<\/div>\n\t\t\t\t<\/div>\n\t\t\t\t\t<\/div>\n\t\t\t\t<\/div>\n\t\t<div class=\"elementor-element elementor-element-572c76c e-flex e-con-boxed e-con e-parent\" data-id=\"572c76c\" data-element_type=\"container\" data-e-type=\"container\">\n\t\t\t\t\t<div class=\"e-con-inner\">\n\t\t\t\t<div class=\"elementor-element elementor-element-c7e769f elementor-widget elementor-widget-text-editor\" data-id=\"c7e769f\" data-element_type=\"widget\" data-e-type=\"widget\" data-widget_type=\"text-editor.default\">\n\t\t\t\t<div class=\"elementor-widget-container\">\n\t\t\t\t\t\t\t\t\t<h1 data-start=\"204\" data-end=\"232\"><strong>Pol\u00edtica de Privacidade<\/strong><\/h1><h4 data-start=\"233\" data-end=\"268\"><strong data-start=\"233\" data-end=\"268\"><br \/>Open Comunica\u00e7\u00e3o e Conhecimento<\/strong><\/h4><p>\u00a0<\/p><p class=\"\" data-start=\"270\" data-end=\"640\">A Open Comunica\u00e7\u00e3o e Conhecimento valoriza a sua privacidade e est\u00e1 comprometida com a prote\u00e7\u00e3o dos seus dados pessoais. Esta Pol\u00edtica de Privacidade tem como objetivo explicar de forma transparente como seus dados s\u00e3o coletados, utilizados, armazenados e protegidos em nosso site, de acordo com a <strong data-start=\"568\" data-end=\"639\">Lei Geral de Prote\u00e7\u00e3o de Dados Pessoais (LGPD \u2013 Lei n\u00ba 13.709\/2018)<\/strong>.<\/p><h3 class=\"\" data-start=\"642\" data-end=\"677\">1. <strong data-start=\"649\" data-end=\"677\">Coleta de Dados Pessoais<\/strong><\/h3><p class=\"\" data-start=\"679\" data-end=\"743\">Ao interagir com nosso site, podemos coletar os seguintes dados:<\/p><ul data-start=\"745\" data-end=\"941\"><li class=\"\" data-start=\"745\" data-end=\"762\"><p class=\"\" data-start=\"747\" data-end=\"762\">Nome completo<\/p><\/li><li class=\"\" data-start=\"763\" data-end=\"773\"><p class=\"\" data-start=\"765\" data-end=\"773\">E-mail<\/p><\/li><li class=\"\" data-start=\"774\" data-end=\"786\"><p class=\"\" data-start=\"776\" data-end=\"786\">Telefone<\/p><\/li><li class=\"\" data-start=\"787\" data-end=\"824\"><p class=\"\" data-start=\"789\" data-end=\"824\">Empresa, cargo ou \u00e1rea de atua\u00e7\u00e3o<\/p><\/li><li class=\"\" data-start=\"825\" data-end=\"851\"><p class=\"\" data-start=\"827\" data-end=\"851\">Cidade, estado ou pa\u00eds<\/p><\/li><li class=\"\" data-start=\"852\" data-end=\"941\"><p class=\"\" data-start=\"854\" data-end=\"941\">Dados de navega\u00e7\u00e3o (IP, cookies, tipo de navegador, tempo de visita, p\u00e1ginas acessadas)<\/p><\/li><\/ul><p class=\"\" data-start=\"943\" data-end=\"987\">Esses dados podem ser coletados por meio de:<\/p><ul data-start=\"989\" data-end=\"1194\"><li class=\"\" data-start=\"989\" data-end=\"1015\"><p class=\"\" data-start=\"991\" data-end=\"1015\">Formul\u00e1rios de contato<\/p><\/li><li class=\"\" data-start=\"1016\" data-end=\"1055\"><p class=\"\" data-start=\"1018\" data-end=\"1055\">Inscri\u00e7\u00e3o em newsletters ou eventos<\/p><\/li><li class=\"\" data-start=\"1056\" data-end=\"1095\"><p class=\"\" data-start=\"1058\" data-end=\"1095\">Solicita\u00e7\u00e3o de propostas comerciais<\/p><\/li><li class=\"\" data-start=\"1096\" data-end=\"1139\"><p class=\"\" data-start=\"1098\" data-end=\"1139\">Acesso a materiais educativos gratuitos<\/p><\/li><li class=\"\" data-start=\"1140\" data-end=\"1194\"><p class=\"\" data-start=\"1142\" data-end=\"1194\">P\u00e1ginas institucionais ou landing pages de campanhas.<\/p><\/li><\/ul><h3 class=\"\" data-start=\"1196\" data-end=\"1227\">2. <strong data-start=\"1203\" data-end=\"1227\">Finalidade da Coleta<\/strong><\/h3><p class=\"\" data-start=\"1229\" data-end=\"1276\">A Open coleta e utiliza os dados pessoais para:<\/p><ul data-start=\"1278\" data-end=\"1616\"><li class=\"\" data-start=\"1278\" data-end=\"1350\"><p class=\"\" data-start=\"1280\" data-end=\"1350\">Enviar conte\u00fados educativos e promocionais com base em seu interesse<\/p><\/li><li class=\"\" data-start=\"1351\" data-end=\"1429\"><p class=\"\" data-start=\"1353\" data-end=\"1429\">Entrar em contato para esclarecimentos, or\u00e7amentos ou propostas comerciais<\/p><\/li><li class=\"\" data-start=\"1430\" data-end=\"1507\"><p class=\"\" data-start=\"1432\" data-end=\"1507\">Promover treinamentos, cursos, workshops e mentorias oferecidos pela Open<\/p><\/li><li class=\"\" data-start=\"1508\" data-end=\"1552\"><p class=\"\" data-start=\"1510\" data-end=\"1552\">Cumprir obriga\u00e7\u00f5es legais e regulat\u00f3rias<\/p><\/li><li class=\"\" data-start=\"1553\" data-end=\"1616\"><p class=\"\" data-start=\"1555\" data-end=\"1616\">Analisar e aprimorar a experi\u00eancia de navega\u00e7\u00e3o em nosso site<\/p><p>\u00a0<\/p><\/li><\/ul><h3 class=\"\" data-start=\"1618\" data-end=\"1654\">3. <strong data-start=\"1625\" data-end=\"1654\">Compartilhamento de Dados<\/strong><\/h3><p class=\"\" data-start=\"1656\" data-end=\"1733\">Seus dados n\u00e3o s\u00e3o comercializados. Poder\u00e3o ser compartilhados apenas quando:<\/p><ul data-start=\"1735\" data-end=\"2011\"><li class=\"\" data-start=\"1735\" data-end=\"1773\"><p class=\"\" data-start=\"1737\" data-end=\"1773\">Houver exig\u00eancia legal ou judicial<\/p><\/li><li class=\"\" data-start=\"1774\" data-end=\"1946\"><p class=\"\" data-start=\"1776\" data-end=\"1946\">For necess\u00e1rio para o funcionamento de ferramentas t\u00e9cnicas utilizadas (por exemplo, plataformas de automa\u00e7\u00e3o de marketing, hospedagem segura, sistemas de CRM e e-mail)<\/p><\/li><li class=\"\" data-start=\"1947\" data-end=\"2011\"><p class=\"\" data-start=\"1949\" data-end=\"2011\">Houver consentimento expl\u00edcito do usu\u00e1rio para essa finalidade<\/p><p>\u00a0<\/p><\/li><\/ul><h3 class=\"\" data-start=\"2013\" data-end=\"2049\">4. <strong data-start=\"2020\" data-end=\"2049\">Armazenamento e Seguran\u00e7a<\/strong><\/h3><p class=\"\" data-start=\"2051\" data-end=\"2279\">Todos os dados s\u00e3o armazenados com seguran\u00e7a em servidores confi\u00e1veis e protegidos por medidas t\u00e9cnicas e administrativas adequadas. Utilizamos plataformas que seguem boas pr\u00e1ticas de seguran\u00e7a da informa\u00e7\u00e3o e prote\u00e7\u00e3o de dados.<\/p><p>\u00a0<\/p><h3 class=\"\" data-start=\"2281\" data-end=\"2305\">5. <strong data-start=\"2288\" data-end=\"2305\">Seus Direitos<\/strong><\/h3><p class=\"\" data-start=\"2307\" data-end=\"2351\">De acordo com a LGPD, voc\u00ea tem o direito de:<\/p><ul data-start=\"2353\" data-end=\"2678\"><li class=\"\" data-start=\"2353\" data-end=\"2407\"><p class=\"\" data-start=\"2355\" data-end=\"2407\">Confirmar a exist\u00eancia do tratamento de seus dados<\/p><\/li><li class=\"\" data-start=\"2408\" data-end=\"2439\"><p class=\"\" data-start=\"2410\" data-end=\"2439\">Acessar seus dados pessoais<\/p><\/li><li class=\"\" data-start=\"2440\" data-end=\"2506\"><p class=\"\" data-start=\"2442\" data-end=\"2506\">Corrigir informa\u00e7\u00f5es incorretas, incompletas ou desatualizadas<\/p><\/li><li class=\"\" data-start=\"2507\" data-end=\"2586\"><p class=\"\" data-start=\"2509\" data-end=\"2586\">Solicitar a exclus\u00e3o de dados desnecess\u00e1rios ou tratados de forma irregular<\/p><\/li><li class=\"\" data-start=\"2587\" data-end=\"2624\"><p class=\"\" data-start=\"2589\" data-end=\"2624\">Revogar consentimentos concedidos<\/p><\/li><li class=\"\" data-start=\"2625\" data-end=\"2678\"><p class=\"\" data-start=\"2627\" data-end=\"2678\">Solicitar portabilidade dos dados, quando aplic\u00e1vel<\/p><\/li><\/ul><p class=\"\" data-start=\"2680\" data-end=\"2788\">Para exercer esses direitos, entre em contato conosco atrav\u00e9s do e-mail: daniel.costa<a class=\"cursor-pointer\" rel=\"noopener\" data-start=\"2755\" data-end=\"2786\">@openeducacao.com.br<\/a><\/p><p>\u00a0<\/p><h3 class=\"\" data-start=\"2790\" data-end=\"2815\">6. <strong data-start=\"2797\" data-end=\"2815\">Uso de Cookies<\/strong><\/h3><p class=\"\" data-start=\"2817\" data-end=\"3030\">Utilizamos cookies para personalizar sua experi\u00eancia e entender como nosso site \u00e9 utilizado. Voc\u00ea pode desativar os cookies nas configura\u00e7\u00f5es do seu navegador, mas isso pode afetar algumas funcionalidades do site.<\/p><p>\u00a0<\/p><h3 class=\"\" data-start=\"3032\" data-end=\"3067\">7. <strong data-start=\"3039\" data-end=\"3067\">Atualiza\u00e7\u00f5es da Pol\u00edtica<\/strong><\/h3><p class=\"\" data-start=\"3069\" data-end=\"3267\">Esta Pol\u00edtica de Privacidade pode ser atualizada periodicamente. Toda altera\u00e7\u00e3o relevante ser\u00e1 comunicada em nosso site com data de revis\u00e3o destacada. Recomendamos a leitura regular deste documento.<\/p><p class=\"\" data-start=\"3269\" data-end=\"3305\"><strong data-start=\"3269\" data-end=\"3292\">\u00daltima atualiza\u00e7\u00e3o:<\/strong> [14\/05\/2025]<\/p><h3 class=\"\" data-start=\"3307\" data-end=\"3344\">8. <strong data-start=\"3314\" data-end=\"3344\">Encarregado de Dados (DPO)<\/strong><\/h3><p class=\"\" data-start=\"3346\" data-end=\"3467\"><strong data-start=\"3346\" data-end=\"3355\">Nome:<\/strong> Daniel Alves Costa<br data-start=\"3374\" data-end=\"3377\" \/><strong data-start=\"3377\" data-end=\"3388\">E-mail:<\/strong>\u00a0<a class=\"cursor-pointer\" rel=\"noopener\" data-start=\"3389\" data-end=\"3420\">daniel.costa@openeducacao.com.br<\/a><br data-start=\"3420\" data-end=\"3423\" \/><strong data-start=\"3423\" data-end=\"3435\">Empresa:<\/strong> Open Comunica\u00e7\u00e3o e Conhecimento<\/p>\t\t\t\t\t\t\t\t<\/div>\n\t\t\t\t<\/div>\n\t\t\t\t\t<\/div>\n\t\t\t\t<\/div>\n\t\t\t\t<\/div>\n\t\t","protected":false},"excerpt":{"rendered":"<p>Pol\u00edtica de Privacidade Home Privacidade Pol\u00edtica de Privacidade Open Comunica\u00e7\u00e3o e Conhecimento \u00a0 A Open Comunica\u00e7\u00e3o e Conhecimento valoriza a sua privacidade e est\u00e1 comprometida com a prote\u00e7\u00e3o dos seus dados pessoais. Esta Pol\u00edtica de Privacidade tem como objetivo explicar de forma transparente como seus dados s\u00e3o coletados, utilizados, armazenados e protegidos em nosso site, [&hellip;]<\/p>\n","protected":false},"author":1,"featured_media":0,"parent":0,"menu_order":0,"comment_status":"closed","ping_status":"closed","template":"elementor_header_footer","meta":{"footnotes":""},"class_list":["post-389","page","type-page","status-publish","hentry"],"_links":{"self":[{"href":"https:\/\/openeducacao.com.br\/index.php?rest_route=\/wp\/v2\/pages\/389","targetHints":{"allow":["GET"]}}],"collection":[{"href":"https:\/\/openeducacao.com.br\/index.php?rest_route=\/wp\/v2\/pages"}],"about":[{"href":"https:\/\/openeducacao.com.br\/index.php?rest_route=\/wp\/v2\/types\/page"}],"author":[{"embeddable":true,"href":"https:\/\/openeducacao.com.br\/index.php?rest_route=\/wp\/v2\/users\/1"}],"replies":[{"embeddable":true,"href":"https:\/\/openeducacao.com.br\/index.php?rest_route=%2Fwp%2Fv2%2Fcomments&post=389"}],"version-history":[{"count":8,"href":"https:\/\/openeducacao.com.br\/index.php?rest_route=\/wp\/v2\/pages\/389\/revisions"}],"predecessor-version":[{"id":914,"href":"https:\/\/openeducacao.com.br\/index.php?rest_route=\/wp\/v2\/pages\/389\/revisions\/914"}],"wp:attachment":[{"href":"https:\/\/openeducacao.com.br\/index.php?rest_route=%2Fwp%2Fv2%2Fmedia&parent=389"}],"curies":[{"name":"wp","href":"https:\/\/api.w.org\/{rel}","templated":true}]}}